{"id":2,"date":"2018-11-17T15:19:44","date_gmt":"2018-11-17T14:19:44","guid":{"rendered":"https:\/\/www.buchingerkuduz.com\/blog\/?page_id=2"},"modified":"2024-02-05T17:38:05","modified_gmt":"2024-02-05T16:38:05","slug":"impressum","status":"publish","type":"page","link":"https:\/\/www.buchingerkuduz.com\/blog\/impressum\/","title":{"rendered":"Impressum"},"content":{"rendered":"<h2>Impressum<\/h2>\n<p>Impressum des #RestartThinking Blogs von Buchinger|Kuduz<br \/>\nc\/o Dr. Mario Buchinger (Einzelunternehmer)<br \/>\nWeidach 364h<br \/>\n6105 Leutasch<br \/>\n\u00d6sterreich<\/p>\n<p>+43 (0)664 9131939<br \/>\noffice [at] buchingerkuduz.com<br \/>\n<a title=\"Buchinger|Kuduz - Herausforderungen von morgen brauchen Ideen f\u00fcr morgen\" href=\"http:\/\/www.buchingerkuduz.com\" target=\"_blank\" rel=\"noopener noreferrer\"><u>www.buchingerkuduz.com<\/u><\/a><\/p>\n<p>UID: ATU69006915<br \/>\nD-U-N-S: 300472583<\/p>\n<p>&#8212;&#8212;&#8212;&#8212;&#8212;&#8212;&#8212;&#8212;&#8212;&#8212;&#8212;&#8212;&#8212;&#8212;&#8212;&#8212;&#8211;<\/p>\n<p><strong>Beh\u00f6rde gem\u00e4\u00df ECG: <\/strong><br \/>\nBH Innsbruck<br \/>\n<strong>Kammerzugeh\u00f6rigkeit: <\/strong><br \/>\nWirtschaftskammer Tirol<br \/>\n<strong>Blattlinie: <\/strong><br \/>\nBlog \u00fcber Beitr\u00e4ge rund um Ver\u00e4nderungsf\u00e4higkeit, Elektromobilit\u00e4t, Mobilit\u00e4t der Zukunft, Erneuerbare Energien, Klimatransformation und Nachhaltigkeit (CSR, ESG, CSRD, ESRS, SDG, Sustainability) in Verbindung mit Dienstleistungen und Angeboten von Buchinger|Kuduz<br \/>\n<strong>Unternehmensgegenstand:<\/strong><br \/>\nBerufsbezeichnung: Unternehmensberatung (Unternehmensentwicklung, Kaizen-Trainer, Lean-Experte, Keynote-Speaker, Seminare, Management-Coachings, Klimatransformation, Prozess-Transformation, Prozessoptimierung, Strategieentwicklung, ESG, CSR und Nachhaltigkeitsmanagement)<br \/>\n<strong>Unternehmens- und Medieninhaber: <\/strong><br \/>\nVerantwortlich f\u00fcr den Inhalt: Dr. Mario Buchinger<\/p>\n<p>&#8212;&#8212;&#8212;&#8212;&#8212;&#8212;&#8212;&#8212;&#8212;&#8212;&#8212;&#8212;&#8212;&#8212;&#8212;&#8212;&#8211;<\/p>\n<p><strong>Berufsbezeichung und berufsrechtliche Regelungen<\/strong><br \/>\n<strong>Berufsbezeichnung: <\/strong><br \/>\nBerufsbezeichnung: Unternehmensberatung (Unternehmensentwicklung, Kaizen-Trainer, Lean-Experte, Keynote-Speaker, Seminare, Management-Coachings, Klimatransformation, Prozess-Transformation, Prozessoptimierung, Strategieentwicklung, ESG, CSR und Nachhaltigkeitsmanagement)<\/p>\n<p>Zust\u00e4ndige Kammer: Wirtschaftskammer Tirol, Fachbereich UBIT<\/p>\n<p>Gewerbe: Unternehmensberatung einschlie\u00dflich der Unternehmensorganisation gem\u00e4\u00df \u00a7 94 Ziffer 74 Gewerbeordnung 1994<br \/>\nZust\u00e4ndige Gewerbebeh\u00f6rde: Bezirkshauptmannschaft Innsbruck<\/p>\n<p>Es gelten folgende berufsrechtliche Regelungen: Gewerbeordnung<br \/>\nRegelungen einsehbar unter: <a href=\"https:\/\/www.ris.bka.gv.at\" target=\"_blank\" rel=\"noopener\">https:\/\/www.ris.bka.gv.at<\/a><\/p>\n<p>&#8212;&#8212;&#8212;&#8212;&#8212;&#8212;&#8212;&#8212;&#8212;&#8212;&#8212;&#8212;&#8212;&#8212;&#8212;&#8212;&#8211;<\/p>\n<h2>Datenschutzerkl\u00e4rung<\/h2>\n<p>N\u00e4here Informationen zu unserer Datenschutzrichtlinie finden Sie in der <a title=\"Datenschutzrichtlinie des Restart Thinking Blogs\" href=\"http:\/\/www.buchingerkuduz.com\/blog\/datenschutzerklaerung\/\" target=\"parent\" rel=\"noopener noreferrer\"><u>Datenschutzerkl\u00e4rung<\/u><\/a>.<\/p>\n<h3>Haftung f\u00fcr Inhalte<\/h3>\n<p>Als Diensteanbieter sind wir f\u00fcr eigene Inhalte auf diesen Seiten nach den allgemeinen Gesetzen verantwortlich und entwickeln die Webseite st\u00e4ndig weiter. F\u00fcr die Korrektheit aller Inhalte auf dieser Webseite, speziell f\u00fcr jene die von Dritten bereitgestellt wurden, k\u00f6nnen wir keine Haftung \u00fcbernehmen.<br \/>\nVerpflichtungen zur Entfernung oder Sperrung der Nutzung von Informationen nach den allgemeinen Gesetzen bleiben hiervon unber\u00fchrt. Eine diesbez\u00fcgliche Haftung ist jedoch erst ab dem Zeitpunkt der Kenntnis einer konkreten Rechtsverletzung m\u00f6glich. Bei Bekanntwerden von entsprechenden Rechtsverletzungen werden wir diese Inhalte umgehend entfernen.<br \/>\nSollten Ihnen problematische oder rechtswidrige Inhalte auffallen, bitten wir Sie uns umgehend zu kontaktieren, Sie finden die Kontaktdaten im Impressum.<\/p>\n<h3>Haftung f\u00fcr Links<\/h3>\n<p>Unser Angebot enth\u00e4lt Links zu externen Webseiten Dritter, auf deren Inhalte wir keinen Einfluss haben. Deshalb k\u00f6nnen wir f\u00fcr diese fremden Inhalte auch keine Gew\u00e4hr \u00fcbernehmen (vgl. \u00a717 ECG). F\u00fcr die Inhalte der verlinkten Seiten ist stets der jeweilige Anbieter oder Betreiber der Seiten verantwortlich. Die verlinkten Seiten wurden zum Zeitpunkt der Verlinkung auf m\u00f6gliche Rechtsverst\u00f6\u00dfe \u00fcberpr\u00fcft. Rechtswidrige Inhalte waren zum Zeitpunkt der Verlinkung nicht erkennbar.<br \/>\nEine permanente inhaltliche Kontrolle der verlinkten Seiten ist jedoch ohne konkrete Anhaltspunkte einer Rechtsverletzung nicht zumutbar. Bei Bekanntwerden von Rechtsverletzungen werden wir derartige Links umgehend entfernen.<br \/>\nWenn Ihnen ein rechtswidrige Link auf unserer Website auff\u00e4llt, bitten wir Sie uns zu kontaktieren, Sie finden die Kontaktdaten im Impressum.<\/p>\n<h3>Urheberrecht<\/h3>\n<p>Die durch die Seitenbetreiber erstellten Inhalte und Werke auf diesen Seiten unterliegen dem Urheberrecht. Die Vervielf\u00e4ltigung, Bearbeitung, Verbreitung und jede Art der Verwertung au\u00dferhalb der Grenzen des Urheberrechtes (zB Speicherung in Datenbanken) \u2013 auch in Teilen oder in \u00fcberarbeiteter Form \u2013 bed\u00fcrfen der schriftlichen Zustimmung des jeweiligen Autors bzw. Erstellers. Downloads und Kopien dieser Seite sind nur f\u00fcr den privaten, nicht kommerziellen Gebrauch gestattet.<br \/>\nSoweit die Inhalte auf dieser Seite nicht vom Betreiber erstellt wurden, werden die Urheberrechte Dritter beachtet. Insbesondere werden Inhalte Dritter als solche gekennzeichnet. Sollten Sie trotzdem auf eine Urheberrechtsverletzung aufmerksam werden, bitten wir um einen entsprechenden Hinweis. Bei Bekanntwerden von Rechtsverletzungen werden wir derartige Inhalte umgehend entfernen.<\/p>\n<h3>Widerspruch Werbe-Mails<\/h3>\n<p>Der Nutzung von im Rahmen der Impressumspflicht ver\u00f6ffentlichten Kontaktdaten zur \u00dcbersendung von nicht ausdr\u00fccklich angeforderter Werbung und Informationsmaterialien wird hiermit widersprochen. Der Betreiber der Seiten beh\u00e4lt sich ausdr\u00fccklich rechtliche Schritte im Falle der unverlangten Zusendung von Werbeinformationen, etwa durch Spam-E-Mails, vor.<\/p>\n","protected":false},"excerpt":{"rendered":"<p>Impressum Impressum des #RestartThinking Blogs von Buchinger|Kuduz c\/o Dr. Mario Buchinger (Einzelunternehmer) Weidach 364h 6105 Leutasch \u00d6sterreich +43 (0)664 9131939 office [at] buchingerkuduz.com www.buchingerkuduz.com UID: ATU69006915 D-U-N-S: 300472583 &#8212;&#8212;&#8212;&#8212;&#8212;&#8212;&#8212;&#8212;&#8212;&#8212;&#8212;&#8212;&#8212;&#8212;&#8212;&#8212;&#8211; Beh\u00f6rde gem\u00e4\u00df ECG: BH Innsbruck Kammerzugeh\u00f6rigkeit: Wirtschaftskammer Tirol Blattlinie: Blog \u00fcber Beitr\u00e4ge rund um Ver\u00e4nderungsf\u00e4higkeit, Elektromobilit\u00e4t, Mobilit\u00e4t der Zukunft, Erneuerbare Energien, Klimatransformation und Nachhaltigkeit (CSR, ESG, CSRD, ESRS, SDG, Sustainability) in Verbindung mit Dienstleistungen und Angeboten von Buchinger|Kuduz Unternehmensgegenstand: Berufsbezeichnung: Unternehmensberatung (Unternehmensentwicklung, Kaizen-Trainer, Lean-Experte, Keynote-Speaker, Seminare, Management-Coachings, Klimatransformation, Prozess-Transformation, Prozessoptimierung, Strategieentwicklung, ESG, CSR und Nachhaltigkeitsmanagement) Unternehmens- und Medieninhaber: Verantwortlich f\u00fcr den Inhalt: Dr. Mario Buchinger &#8212;&#8212;&#8212;&#8212;&#8212;&#8212;&#8212;&#8212;&#8212;&#8212;&#8212;&#8212;&#8212;&#8212;&#8212;&#8212;&#8211; Berufsbezeichung und berufsrechtliche Regelungen Berufsbezeichnung: Berufsbezeichnung: Unternehmensberatung (Unternehmensentwicklung, Kaizen-Trainer, Lean-Experte, Keynote-Speaker, Seminare, Management-Coachings, Klimatransformation, Prozess-Transformation, Prozessoptimierung, Strategieentwicklung, ESG, CSR und Nachhaltigkeitsmanagement) Zust\u00e4ndige Kammer: Wirtschaftskammer Tirol, Fachbereich UBIT Gewerbe: Unternehmensberatung einschlie\u00dflich der Unternehmensorganisation gem\u00e4\u00df \u00a7 94 Ziffer 74 Gewerbeordnung 1994 Zust\u00e4ndige Gewerbebeh\u00f6rde: Bezirkshauptmannschaft Innsbruck Es gelten folgende berufsrechtliche Regelungen: Gewerbeordnung Regelungen einsehbar unter: https:\/\/www.ris.bka.gv.at &#8212;&#8212;&#8212;&#8212;&#8212;&#8212;&#8212;&#8212;&#8212;&#8212;&#8212;&#8212;&#8212;&#8212;&#8212;&#8212;&#8211; Datenschutzerkl\u00e4rung N\u00e4here Informationen zu unserer Datenschutzrichtlinie finden Sie in der Datenschutzerkl\u00e4rung. Haftung f\u00fcr Inhalte Als Diensteanbieter sind wir f\u00fcr eigene Inhalte auf diesen Seiten nach den allgemeinen Gesetzen verantwortlich und entwickeln die Webseite st\u00e4ndig weiter. F\u00fcr die Korrektheit aller Inhalte auf dieser Webseite, speziell f\u00fcr jene die von Dritten bereitgestellt wurden, k\u00f6nnen wir keine Haftung \u00fcbernehmen. Verpflichtungen zur Entfernung oder Sperrung der Nutzung von Informationen nach den allgemeinen Gesetzen bleiben hiervon unber\u00fchrt. Eine diesbez\u00fcgliche Haftung ist jedoch erst ab dem Zeitpunkt der Kenntnis einer konkreten Rechtsverletzung m\u00f6glich. Bei Bekanntwerden von entsprechenden Rechtsverletzungen werden wir diese Inhalte umgehend entfernen. Sollten Ihnen problematische oder rechtswidrige Inhalte auffallen, bitten wir Sie uns umgehend zu kontaktieren, Sie finden die Kontaktdaten im Impressum. Haftung f\u00fcr Links Unser Angebot enth\u00e4lt Links zu externen Webseiten Dritter, auf deren Inhalte wir keinen Einfluss haben. Deshalb k\u00f6nnen wir f\u00fcr diese fremden Inhalte auch keine Gew\u00e4hr \u00fcbernehmen (vgl. \u00a717 ECG). F\u00fcr die Inhalte der verlinkten Seiten ist stets der jeweilige Anbieter oder Betreiber der Seiten verantwortlich. Die verlinkten Seiten wurden zum Zeitpunkt der Verlinkung auf m\u00f6gliche Rechtsverst\u00f6\u00dfe \u00fcberpr\u00fcft. Rechtswidrige Inhalte waren zum Zeitpunkt der Verlinkung nicht erkennbar. Eine permanente inhaltliche Kontrolle der verlinkten Seiten ist jedoch ohne konkrete Anhaltspunkte einer Rechtsverletzung nicht zumutbar. Bei Bekanntwerden von Rechtsverletzungen werden wir derartige Links umgehend entfernen. Wenn Ihnen ein rechtswidrige Link auf unserer Website auff\u00e4llt, bitten wir Sie uns zu kontaktieren, Sie finden die Kontaktdaten im Impressum. Urheberrecht Die durch die Seitenbetreiber erstellten Inhalte und Werke auf diesen Seiten unterliegen dem Urheberrecht. Die Vervielf\u00e4ltigung, Bearbeitung, Verbreitung und jede Art der Verwertung au\u00dferhalb der Grenzen des Urheberrechtes (zB Speicherung in Datenbanken) \u2013 auch in Teilen oder in \u00fcberarbeiteter Form \u2013 bed\u00fcrfen der schriftlichen Zustimmung des jeweiligen Autors bzw. Erstellers. Downloads und Kopien dieser Seite sind nur f\u00fcr den privaten, nicht kommerziellen Gebrauch gestattet. Soweit die Inhalte auf dieser Seite nicht vom Betreiber erstellt wurden, werden die Urheberrechte Dritter beachtet. Insbesondere werden Inhalte Dritter als solche gekennzeichnet. Sollten Sie trotzdem auf eine Urheberrechtsverletzung aufmerksam werden, bitten wir um einen entsprechenden Hinweis. Bei Bekanntwerden von Rechtsverletzungen werden wir derartige Inhalte umgehend entfernen. Widerspruch Werbe-Mails Der Nutzung von im Rahmen der Impressumspflicht ver\u00f6ffentlichten Kontaktdaten zur \u00dcbersendung von nicht ausdr\u00fccklich angeforderter Werbung und Informationsmaterialien wird hiermit widersprochen. Der Betreiber der Seiten beh\u00e4lt sich ausdr\u00fccklich rechtliche Schritte im Falle der unverlangten Zusendung von Werbeinformationen, etwa durch Spam-E-Mails, vor.<\/p>\n","protected":false},"author":1,"featured_media":0,"parent":0,"menu_order":0,"comment_status":"closed","ping_status":"open","template":"","meta":{"neve_meta_sidebar":"","neve_meta_container":"","neve_meta_enable_content_width":"","neve_meta_content_width":0,"neve_meta_title_alignment":"","neve_meta_author_avatar":"","neve_post_elements_order":"","neve_meta_disable_header":"","neve_meta_disable_footer":"","neve_meta_disable_title":"","footnotes":""},"class_list":["post-2","page","type-page","status-publish","hentry"],"yoast_head":"<!-- This site is optimized with the Yoast SEO plugin v26.8 - https:\/\/yoast.com\/product\/yoast-seo-wordpress\/ -->\n<title>Impressum - #RestartThinking<\/title>\n<meta name=\"description\" content=\"Der #RestartThinking Blog von Buchinger|Kuduz berichtet \u00fcber Ver\u00e4nderungsf\u00e4higkeit, Klimaneutralit\u00e4t und Nachhaltigkeit in Unternehmen.\" \/>\n<meta name=\"robots\" content=\"index, follow, max-snippet:-1, max-image-preview:large, max-video-preview:-1\" \/>\n<link rel=\"canonical\" href=\"https:\/\/www.buchingerkuduz.com\/blog\/impressum\/\" \/>\n<meta property=\"og:locale\" content=\"de_DE\" \/>\n<meta property=\"og:type\" content=\"article\" \/>\n<meta property=\"og:title\" content=\"Impressum - #RestartThinking\" \/>\n<meta property=\"og:description\" content=\"Der #RestartThinking Blog von Buchinger|Kuduz berichtet \u00fcber Ver\u00e4nderungsf\u00e4higkeit, Klimaneutralit\u00e4t und Nachhaltigkeit in Unternehmen.\" \/>\n<meta property=\"og:url\" content=\"https:\/\/www.buchingerkuduz.com\/blog\/impressum\/\" \/>\n<meta property=\"og:site_name\" content=\"#RestartThinking\" \/>\n<meta property=\"article:modified_time\" content=\"2024-02-05T16:38:05+00:00\" \/>\n<meta property=\"og:image\" content=\"https:\/\/www.buchingerkuduz.com\/blog\/wp-content\/uploads\/2022\/03\/Logo_RestartThinkingBlog.png\" \/>\n\t<meta property=\"og:image:width\" content=\"1920\" \/>\n\t<meta property=\"og:image:height\" content=\"415\" \/>\n\t<meta property=\"og:image:type\" content=\"image\/png\" \/>\n<meta name=\"twitter:card\" content=\"summary_large_image\" \/>\n<meta name=\"twitter:label1\" content=\"Gesch\u00e4tzte Lesezeit\" \/>\n\t<meta name=\"twitter:data1\" content=\"3\u00a0Minuten\" \/>\n<script type=\"application\/ld+json\" class=\"yoast-schema-graph\">{\"@context\":\"https:\/\/schema.org\",\"@graph\":[{\"@type\":\"WebPage\",\"@id\":\"https:\/\/www.buchingerkuduz.com\/blog\/impressum\/\",\"url\":\"https:\/\/www.buchingerkuduz.com\/blog\/impressum\/\",\"name\":\"Impressum - #RestartThinking\",\"isPartOf\":{\"@id\":\"https:\/\/www.buchingerkuduz.com\/blog\/#website\"},\"datePublished\":\"2018-11-17T14:19:44+00:00\",\"dateModified\":\"2024-02-05T16:38:05+00:00\",\"description\":\"Der #RestartThinking Blog von Buchinger|Kuduz berichtet \u00fcber Ver\u00e4nderungsf\u00e4higkeit, Klimaneutralit\u00e4t und Nachhaltigkeit in Unternehmen.\",\"breadcrumb\":{\"@id\":\"https:\/\/www.buchingerkuduz.com\/blog\/impressum\/#breadcrumb\"},\"inLanguage\":\"de\",\"potentialAction\":[{\"@type\":\"ReadAction\",\"target\":[\"https:\/\/www.buchingerkuduz.com\/blog\/impressum\/\"]}]},{\"@type\":\"BreadcrumbList\",\"@id\":\"https:\/\/www.buchingerkuduz.com\/blog\/impressum\/#breadcrumb\",\"itemListElement\":[{\"@type\":\"ListItem\",\"position\":1,\"name\":\"Startseite\",\"item\":\"https:\/\/www.buchingerkuduz.com\/blog\/\"},{\"@type\":\"ListItem\",\"position\":2,\"name\":\"Impressum\"}]},{\"@type\":\"WebSite\",\"@id\":\"https:\/\/www.buchingerkuduz.com\/blog\/#website\",\"url\":\"https:\/\/www.buchingerkuduz.com\/blog\/\",\"name\":\"Restart Thinking\",\"description\":\"Ver\u00e4nderung. Denken. K\u00f6nnen.\",\"publisher\":{\"@id\":\"https:\/\/www.buchingerkuduz.com\/blog\/#organization\"},\"potentialAction\":[{\"@type\":\"SearchAction\",\"target\":{\"@type\":\"EntryPoint\",\"urlTemplate\":\"https:\/\/www.buchingerkuduz.com\/blog\/?s={search_term_string}\"},\"query-input\":{\"@type\":\"PropertyValueSpecification\",\"valueRequired\":true,\"valueName\":\"search_term_string\"}}],\"inLanguage\":\"de\"},{\"@type\":\"Organization\",\"@id\":\"https:\/\/www.buchingerkuduz.com\/blog\/#organization\",\"name\":\"Buchinger|Kuduz Dr. Mario Buchinger\",\"url\":\"https:\/\/www.buchingerkuduz.com\/blog\/\",\"logo\":{\"@type\":\"ImageObject\",\"inLanguage\":\"de\",\"@id\":\"https:\/\/www.buchingerkuduz.com\/blog\/#\/schema\/logo\/image\/\",\"url\":\"https:\/\/www.buchingerkuduz.com\/blog\/wp-content\/uploads\/2022\/03\/Logo_RestartThinking_pict_klein.png\",\"contentUrl\":\"https:\/\/www.buchingerkuduz.com\/blog\/wp-content\/uploads\/2022\/03\/Logo_RestartThinking_pict_klein.png\",\"width\":107,\"height\":80,\"caption\":\"Buchinger|Kuduz Dr. Mario Buchinger\"},\"image\":{\"@id\":\"https:\/\/www.buchingerkuduz.com\/blog\/#\/schema\/logo\/image\/\"},\"sameAs\":[\"https:\/\/www.linkedin.com\/company\/buchinger-kuduz\",\"https:\/\/www.youtube.com\/channel\/UCIm38XbFgUFykYVQXPSpxTw\/feed\"]}]}<\/script>\n<!-- \/ Yoast SEO plugin. -->","yoast_head_json":{"title":"Impressum - #RestartThinking","description":"Der #RestartThinking Blog von Buchinger|Kuduz berichtet \u00fcber Ver\u00e4nderungsf\u00e4higkeit, Klimaneutralit\u00e4t und Nachhaltigkeit in Unternehmen.","robots":{"index":"index","follow":"follow","max-snippet":"max-snippet:-1","max-image-preview":"max-image-preview:large","max-video-preview":"max-video-preview:-1"},"canonical":"https:\/\/www.buchingerkuduz.com\/blog\/impressum\/","og_locale":"de_DE","og_type":"article","og_title":"Impressum - #RestartThinking","og_description":"Der #RestartThinking Blog von Buchinger|Kuduz berichtet \u00fcber Ver\u00e4nderungsf\u00e4higkeit, Klimaneutralit\u00e4t und Nachhaltigkeit in Unternehmen.","og_url":"https:\/\/www.buchingerkuduz.com\/blog\/impressum\/","og_site_name":"#RestartThinking","article_modified_time":"2024-02-05T16:38:05+00:00","og_image":[{"width":1920,"height":415,"url":"https:\/\/www.buchingerkuduz.com\/blog\/wp-content\/uploads\/2022\/03\/Logo_RestartThinkingBlog.png","type":"image\/png"}],"twitter_card":"summary_large_image","twitter_misc":{"Gesch\u00e4tzte Lesezeit":"3\u00a0Minuten"},"schema":{"@context":"https:\/\/schema.org","@graph":[{"@type":"WebPage","@id":"https:\/\/www.buchingerkuduz.com\/blog\/impressum\/","url":"https:\/\/www.buchingerkuduz.com\/blog\/impressum\/","name":"Impressum - #RestartThinking","isPartOf":{"@id":"https:\/\/www.buchingerkuduz.com\/blog\/#website"},"datePublished":"2018-11-17T14:19:44+00:00","dateModified":"2024-02-05T16:38:05+00:00","description":"Der #RestartThinking Blog von Buchinger|Kuduz berichtet \u00fcber Ver\u00e4nderungsf\u00e4higkeit, Klimaneutralit\u00e4t und Nachhaltigkeit in Unternehmen.","breadcrumb":{"@id":"https:\/\/www.buchingerkuduz.com\/blog\/impressum\/#breadcrumb"},"inLanguage":"de","potentialAction":[{"@type":"ReadAction","target":["https:\/\/www.buchingerkuduz.com\/blog\/impressum\/"]}]},{"@type":"BreadcrumbList","@id":"https:\/\/www.buchingerkuduz.com\/blog\/impressum\/#breadcrumb","itemListElement":[{"@type":"ListItem","position":1,"name":"Startseite","item":"https:\/\/www.buchingerkuduz.com\/blog\/"},{"@type":"ListItem","position":2,"name":"Impressum"}]},{"@type":"WebSite","@id":"https:\/\/www.buchingerkuduz.com\/blog\/#website","url":"https:\/\/www.buchingerkuduz.com\/blog\/","name":"Restart Thinking","description":"Ver\u00e4nderung. Denken. K\u00f6nnen.","publisher":{"@id":"https:\/\/www.buchingerkuduz.com\/blog\/#organization"},"potentialAction":[{"@type":"SearchAction","target":{"@type":"EntryPoint","urlTemplate":"https:\/\/www.buchingerkuduz.com\/blog\/?s={search_term_string}"},"query-input":{"@type":"PropertyValueSpecification","valueRequired":true,"valueName":"search_term_string"}}],"inLanguage":"de"},{"@type":"Organization","@id":"https:\/\/www.buchingerkuduz.com\/blog\/#organization","name":"Buchinger|Kuduz Dr. Mario Buchinger","url":"https:\/\/www.buchingerkuduz.com\/blog\/","logo":{"@type":"ImageObject","inLanguage":"de","@id":"https:\/\/www.buchingerkuduz.com\/blog\/#\/schema\/logo\/image\/","url":"https:\/\/www.buchingerkuduz.com\/blog\/wp-content\/uploads\/2022\/03\/Logo_RestartThinking_pict_klein.png","contentUrl":"https:\/\/www.buchingerkuduz.com\/blog\/wp-content\/uploads\/2022\/03\/Logo_RestartThinking_pict_klein.png","width":107,"height":80,"caption":"Buchinger|Kuduz Dr. Mario Buchinger"},"image":{"@id":"https:\/\/www.buchingerkuduz.com\/blog\/#\/schema\/logo\/image\/"},"sameAs":["https:\/\/www.linkedin.com\/company\/buchinger-kuduz","https:\/\/www.youtube.com\/channel\/UCIm38XbFgUFykYVQXPSpxTw\/feed"]}]}},"_links":{"self":[{"href":"https:\/\/www.buchingerkuduz.com\/blog\/wp-json\/wp\/v2\/pages\/2","targetHints":{"allow":["GET"]}}],"collection":[{"href":"https:\/\/www.buchingerkuduz.com\/blog\/wp-json\/wp\/v2\/pages"}],"about":[{"href":"https:\/\/www.buchingerkuduz.com\/blog\/wp-json\/wp\/v2\/types\/page"}],"author":[{"embeddable":true,"href":"https:\/\/www.buchingerkuduz.com\/blog\/wp-json\/wp\/v2\/users\/1"}],"replies":[{"embeddable":true,"href":"https:\/\/www.buchingerkuduz.com\/blog\/wp-json\/wp\/v2\/comments?post=2"}],"version-history":[{"count":2,"href":"https:\/\/www.buchingerkuduz.com\/blog\/wp-json\/wp\/v2\/pages\/2\/revisions"}],"predecessor-version":[{"id":4878,"href":"https:\/\/www.buchingerkuduz.com\/blog\/wp-json\/wp\/v2\/pages\/2\/revisions\/4878"}],"wp:attachment":[{"href":"https:\/\/www.buchingerkuduz.com\/blog\/wp-json\/wp\/v2\/media?parent=2"}],"curies":[{"name":"wp","href":"https:\/\/api.w.org\/{rel}","templated":true}]}}